{"id":143,"date":"2020-02-24T13:08:57","date_gmt":"2020-02-24T13:08:57","guid":{"rendered":"https:\/\/demosites.io\/zelle-gb\/?page_id=143"},"modified":"2024-06-19T03:27:07","modified_gmt":"2024-06-19T03:27:07","slug":"0227d-home","status":"publish","type":"page","link":"https:\/\/com-proff.com\/en\/0227d-home\/","title":{"rendered":"Home"},"content":{"rendered":"<div id=\"wp-block-themeisle-blocks-advanced-columns-d26b6b4e\" class=\"wp-block-themeisle-blocks-advanced-columns alignfull has-1-columns has-desktop-equal-layout has-tablet-equal-layout has-mobile-equal-layout has-vertical-center\"><div class=\"wp-block-themeisle-blocks-advanced-columns-overlay\"><\/div><div class=\"innerblocks-wrap\">\n<div id=\"wp-block-themeisle-blocks-advanced-column-bc8f6b49\" class=\"wp-block-themeisle-blocks-advanced-column\">\n<h1 class=\"wp-block-heading has-text-align-center has-white-color has-text-color\"><strong>Comunicaci\u00f3n en la era digital<\/strong><\/h1>\n\n\n\n<div style=\"height:20px\" aria-hidden=\"true\" class=\"wp-block-spacer\"><\/div>\n\n\n\n<div id=\"wp-block-themeisle-blocks-button-group-2dde628f\" class=\"wp-block-themeisle-blocks-button-group wp-block-buttons align-center\">\n<div id=\"wp-block-themeisle-blocks-button-754057ce\" class=\"wp-block-themeisle-blocks-button wp-block-button\"><a href=\"\" target=\"_self\" rel=\"noopener noreferrer\" class=\"wp-block-button__link\"><i class=\"far fa-fw fa-arrow-alt-circle-right margin-right\"><\/i><span>Ir al blog<\/span><\/a><\/div>\n<\/div>\n<\/div>\n<\/div><\/div>\n\n\n\n<div id=\"focus\" class=\"wp-block-themeisle-blocks-advanced-columns alignfull has-1-columns has-desktop-equal-layout has-tablet-equal-layout has-mobile-equal-layout has-vertical-unset\"><div class=\"wp-block-themeisle-blocks-advanced-columns-overlay\"><\/div><div class=\"innerblocks-wrap\">\n<div id=\"wp-block-themeisle-blocks-advanced-column-b3c846e4\" class=\"wp-block-themeisle-blocks-advanced-column\">\n<h2 class=\"wp-block-heading has-text-align-center\">Com-proff.com<\/h2>\n\n\n\n<p class=\"has-text-align-center\">La manera en que nos comunicamos est\u00e1 en constante cambio, especialmente en el ambiente profesional. En com-proff.com, te ofrecemos las claves para navegar y sobresalir en este nuevo panorama, integrando tecnolog\u00eda y pr\u00e1ctica para que tu comunicaci\u00f3n sea efectiva y actual.<\/p>\n<\/div>\n<\/div><\/div>\n\n\n\n<div id=\"se\" class=\"wp-block-themeisle-blocks-advanced-columns alignfull has-3-columns has-desktop-equal-layout has-tablet-equal-layout has-mobile-collapsedRows-layout has-vertical-unset\"><div class=\"wp-block-themeisle-blocks-advanced-columns-overlay\"><\/div><div class=\"innerblocks-wrap\">\n<div id=\"wp-block-themeisle-blocks-advanced-column-71484aac\" class=\"wp-block-themeisle-blocks-advanced-column\">\n<div id=\"wp-block-themeisle-blocks-font-awesome-icons-29583e4b\" class=\"wp-block-themeisle-blocks-font-awesome-icons\"><span class=\"wp-block-themeisle-blocks-font-awesome-icons-container\"><i class=\"fas fa-check\"><\/i><\/span><\/div>\n\n\n\n<div style=\"height:16px\" aria-hidden=\"true\" class=\"wp-block-spacer\"><\/div>\n\n\n\n<h5 id=\"wp-block-themeisle-blocks-advanced-heading-e50a9371\" class=\"wp-block-themeisle-blocks-advanced-heading wp-block-themeisle-blocks-advanced-heading-e50a9371\"><strong>Desarrollo de habilidades estrat\u00e9gicas<\/strong><\/h5>\n\n\n\n<p class=\"has-text-align-center has-link-color-color has-text-color\" style=\"font-size:14px\">Creemos que comunicar es mucho m\u00e1s que hablar o escribir. Es por eso que nos centramos en desarrollar tus habilidades para que puedas negociar, resolver conflictos y liderar con confianza. Aqu\u00ed vas a encontrar las herramientas que te ayudar\u00e1n a destacarte.<\/p>\n<\/div>\n\n\n\n<div id=\"wp-block-themeisle-blocks-advanced-column-a0079089\" class=\"wp-block-themeisle-blocks-advanced-column\">\n<div id=\"wp-block-themeisle-blocks-font-awesome-icons-cdfe10a4\" class=\"wp-block-themeisle-blocks-font-awesome-icons\"><span class=\"wp-block-themeisle-blocks-font-awesome-icons-container\"><i class=\"fas fa-users\"><\/i><\/span><\/div>\n\n\n\n<div style=\"height:16px\" aria-hidden=\"true\" class=\"wp-block-spacer\"><\/div>\n\n\n\n<h5 id=\"wp-block-themeisle-blocks-advanced-heading-7964a169\" class=\"wp-block-themeisle-blocks-advanced-heading wp-block-themeisle-blocks-advanced-heading-7964a169\"><strong>Liderazgo y gesti\u00f3n de equipos<\/strong><\/h5>\n\n\n\n<p class=\"has-text-align-center has-link-color-color has-text-color\" style=\"font-size:14px\">Un l\u00edder sobresaliente sabe c\u00f3mo comunicar su visi\u00f3n y movilizar a su equipo. Te ense\u00f1amos c\u00f3mo hacerlo, con programas dise\u00f1ados para fortalecer tu capacidad de inspirar y dirigir, formando equipos eficientes y comprometidos con los objetivos comunes.<\/p>\n<\/div>\n\n\n\n<div id=\"wp-block-themeisle-blocks-advanced-column-3ad7ac1c\" class=\"wp-block-themeisle-blocks-advanced-column\">\n<div id=\"wp-block-themeisle-blocks-font-awesome-icons-3f5f9531\" class=\"wp-block-themeisle-blocks-font-awesome-icons\"><span class=\"wp-block-themeisle-blocks-font-awesome-icons-container\"><i class=\"fas fa-compress-arrows-alt\"><\/i><\/span><\/div>\n\n\n\n<div style=\"height:16px\" aria-hidden=\"true\" class=\"wp-block-spacer\"><\/div>\n\n\n\n<h5 id=\"wp-block-themeisle-blocks-advanced-heading-68f9f4b6\" class=\"wp-block-themeisle-blocks-advanced-heading wp-block-themeisle-blocks-advanced-heading-68f9f4b6\"><strong>Adaptabilidad y cambio organizacional<\/strong><\/h5>\n\n\n\n<p class=\"has-text-align-center has-link-color-color has-text-color\" style=\"font-size:14px\">En el mundo actual, la adaptabilidad es fundamental. Te preparamos para que puedas llevar a tu organizaci\u00f3n hacia la transformaci\u00f3n, haciendo que la comunicaci\u00f3n sea m\u00e1s din\u00e1mica y directa, valorando la transparencia y la autenticidad.<\/p>\n<\/div>\n<\/div><\/div>\n\n\n\n<div id=\"wp-block-themeisle-blocks-advanced-columns-d8142c6e\" class=\"wp-block-themeisle-blocks-advanced-columns alignfull has-1-columns has-desktop-equal-layout has-tablet-equal-layout has-mobile-equal-layout has-vertical-unset has-dark-bg\"><div class=\"wp-block-themeisle-blocks-advanced-columns-overlay\"><\/div><div class=\"innerblocks-wrap\">\n<div id=\"wp-block-themeisle-blocks-advanced-column-5c38f6b1\" class=\"wp-block-themeisle-blocks-advanced-column\">\n<h3 id=\"wp-block-themeisle-blocks-advanced-heading-8a6fcd5c\" class=\"wp-block-themeisle-blocks-advanced-heading wp-block-themeisle-blocks-advanced-heading-8a6fcd5c\">Nuestro blog<\/h3>\n\n\n\n\n\n<div style=\"height:20px\" aria-hidden=\"true\" class=\"wp-block-spacer\"><\/div>\n\n\n\n<div id=\"wp-block-themeisle-blocks-button-group-72f35e9e\" class=\"wp-block-themeisle-blocks-button-group wp-block-buttons align-center\">\n<div id=\"wp-block-themeisle-blocks-button-49b84a6b\" class=\"wp-block-themeisle-blocks-button wp-block-button\"><a href=\"\" target=\"_self\" rel=\"noopener noreferrer\" class=\"wp-block-button__link\"><span> Last minute <\/span><\/a><\/div>\n<\/div>\n<\/div>\n<\/div><\/div>\n\n\n\n<div id=\"about\" class=\"wp-block-themeisle-blocks-advanced-columns alignfull has-1-columns has-desktop-equal-layout has-tablet-equal-layout has-mobile-equal-layout has-vertical-unset\"><div class=\"wp-block-themeisle-blocks-advanced-columns-overlay\"><\/div><div class=\"innerblocks-wrap\">\n<div id=\"wp-block-themeisle-blocks-advanced-column-b84eb7cd\" class=\"wp-block-themeisle-blocks-advanced-column\">\n<h2 class=\"wp-block-heading has-text-align-center has-white-color has-text-color\"><strong>Nuestra misi\u00f3n<\/strong><\/h2>\n\n\n\n<p class=\"has-text-align-center has-white-color has-text-color has-normal-font-size\">En com-proff.com, nos dedicamos a la excelencia en la comunicaci\u00f3n. Nuestra misi\u00f3n es equiparte con las habilidades y conocimientos para que comuniques con efectividad y hagas que cada interacci\u00f3n cuente.<\/p>\n<\/div>\n<\/div><\/div>\n\n\n\n<div id=\"swr\" class=\"wp-block-themeisle-blocks-advanced-columns alignfull has-2-columns has-desktop-equal-layout has-tablet-collapsedRows-layout has-mobile-collapsedRows-layout has-vertical-unset\"><div class=\"wp-block-themeisle-blocks-advanced-columns-overlay\"><\/div><div class=\"innerblocks-wrap\">\n<div id=\"wp-block-themeisle-blocks-advanced-column-f5da1e50\" class=\"wp-block-themeisle-blocks-advanced-column\">\n<h3 id=\"wp-block-themeisle-blocks-advanced-heading-e0a4cde3\" class=\"wp-block-themeisle-blocks-advanced-heading wp-block-themeisle-blocks-advanced-heading-e0a4cde3\"><strong>Nuestro equipo<\/strong><\/h3>\n\n\n\n<h3 id=\"wp-block-themeisle-blocks-advanced-heading-cbc768c4\" class=\"wp-block-themeisle-blocks-advanced-heading wp-block-themeisle-blocks-advanced-heading-cbc768c4\"><strong><strong>Nuestros cursos<\/strong><\/strong><\/h3>\n<\/div>\n\n\n\n<div id=\"wp-block-themeisle-blocks-advanced-column-86ed024e\" class=\"wp-block-themeisle-blocks-advanced-column\">\n<p class=\"has-text-align-center has-white-color has-text-color\" style=\"font-size:14px\">Somos un grupo de comunicadores, educadores y profesionales del sector, unidos para elevar el est\u00e1ndar de la comunicaci\u00f3n en el mundo laboral. Te acompa\u00f1amos en el camino para mejorar la forma en que intercambias ideas y constru\u00eds relaciones en tu trabajo.<\/p>\n\n\n\n<p class=\"has-text-align-center has-white-color has-text-color\" style=\"font-size:14px\">Fortalecimiento de tus habilidades comunicativas.\nNuestra oferta de cursos abarca desde la mejora de la comunicaci\u00f3n interna hasta la gesti\u00f3n eficaz de situaciones de crisis. Cada curso se enfoca en brindarte habilidades pr\u00e1cticas que pod\u00e9s empezar a usar de inmediato.\n<\/p>\n<\/div>\n<\/div><\/div>\n\n\n\n<div id=\"team\" class=\"wp-block-themeisle-blocks-advanced-columns alignfull has-1-columns has-desktop-equal-layout has-tablet-equal-layout has-mobile-equal-layout has-vertical-unset\"><div class=\"wp-block-themeisle-blocks-advanced-columns-overlay\"><\/div><div class=\"innerblocks-wrap\">\n<div id=\"wp-block-themeisle-blocks-advanced-column-30ed2d0d\" class=\"wp-block-themeisle-blocks-advanced-column\">\n<h1 class=\"wp-block-heading has-text-align-center has-neve-text-color-color has-text-color\"><strong>Formaci\u00f3n a medida<\/strong><\/h1>\n\n\n\n<p class=\"has-text-align-center has-neve-text-color-color has-text-color\">Cada profesional es \u00fanico y por eso ofrecemos opciones para personalizar tu aprendizaje, adapt\u00e1ndonos a tus necesidades espec\u00edficas en comunicaci\u00f3n.<\/p>\n<\/div>\n<\/div><\/div>\n\n\n\n<div id=\"testimonials\" class=\"wp-block-themeisle-blocks-advanced-columns alignfull has-1-columns has-desktop-equal-layout has-tablet-equal-layout has-mobile-equal-layout has-vertical-unset has-light-bg\"><div class=\"wp-block-themeisle-blocks-advanced-columns-overlay\"><\/div><div class=\"innerblocks-wrap\">\n<div id=\"wp-block-themeisle-blocks-advanced-column-b0f59dbe\" class=\"wp-block-themeisle-blocks-advanced-column\">\n<h2 class=\"wp-block-heading has-text-align-center has-white-color has-text-color\"><strong>Orientados a resultados<\/strong><\/h2>\n\n\n\n<p class=\"has-text-align-center has-white-color has-text-color\">Enfocados en la pr\u00e1ctica y resultados concretos, nos aseguramos de que cada participante se vaya con herramientas comunicativas aplicables y efectivas para su desarrollo profesional.<\/p>\n<\/div>\n<\/div><\/div>\n\n\n\n<div id=\"contact\" class=\"wp-block-themeisle-blocks-advanced-columns alignfull has-1-columns has-desktop-equal-layout has-tablet-equal-layout has-mobile-equal-layout has-vertical-unset\"><div class=\"wp-block-themeisle-blocks-advanced-columns-overlay\"><\/div><div class=\"innerblocks-wrap\">\n<div id=\"wp-block-themeisle-blocks-advanced-column-c81f51d3\" class=\"wp-block-themeisle-blocks-advanced-column has-light-bg\">\n<h1 class=\"wp-block-heading has-text-align-center has-neve-text-color-color has-text-color\">Contacto<\/h1>\n\n\n\n<p>Estamos aqu\u00ed para conversar sobre los desaf\u00edos en comunicaci\u00f3n y objetivos profesionales. Contactate con nosotros para explorar c\u00f3mo podemos ayudarte a lograr una comunicaci\u00f3n m\u00e1s efectiva. Te asistimos en tu camino hacia una comunicaci\u00f3n clara y con impacto.<\/p>\n\n\n\n<p class=\"has-text-align-center has-white-color has-text-color\">We are here for you, 24\/7, to help you and reply within the hour.<\/p>\n\n\n\n<div id=\"wp-block-themeisle-blocks-form-aed2787f\" class=\"wp-block-themeisle-blocks-form\" data-option-name=\"bf9b28ff82ce323187abc5d0feb0d8f07ecd8436_aed2787f\"><form class=\"otter-form__container\" action=\"\">\n<div id=\"wp-block-themeisle-blocks-form-input-ae306451\" class=\"wp-block-themeisle-blocks-form-input\"><label for=\"wp-block-themeisle-blocks-form-input-ae306451-input\" class=\"otter-form-input-label\"><span class=\"otter-form-input-label__label\">Email<\/span><span class=\"required\">*<\/span><\/label><input type=\"email\" id=\"wp-block-themeisle-blocks-form-input-ae306451-input\" required class=\"otter-form-input\"\/><\/div>\n\n\n\n\n\n<div id=\"wp-block-themeisle-blocks-form-textarea-56ad0433\" class=\"wp-block-themeisle-blocks-form-textarea\"><label for=\"wp-block-themeisle-blocks-form-textarea-56ad0433-input\" class=\"otter-form-textarea-label\"><span class=\"otter-form-textarea-label__label\">Message<\/span><\/label><textarea id=\"wp-block-themeisle-blocks-form-textarea-56ad0433-input\" rows=\"10\" class=\"otter-form-textarea-input\"><\/textarea><\/div>\n\n\n\n<p class=\"has-extra-small-font-size\">You agree to receive email communication from us by submitting this form and understand that your contact information will be stored with us.<\/p>\n<div class=\"wp-block-button\"><button class=\"wp-block-button__link\" type=\"submit\">Submit<\/button><\/div><input type=\"hidden\" name=\"trp-form-language\" value=\"en\"\/><\/form><\/div>\n<\/div>\n<\/div><\/div>\n\n\n\n<div id=\"wp-block-themeisle-blocks-advanced-columns-d2b3b50b\" class=\"wp-block-themeisle-blocks-advanced-columns alignfull has-4-columns has-desktop-equal-layout has-tablet-equal-layout has-mobile-collapsedRows-layout has-vertical-unset has-dark-bg\"><div class=\"wp-block-themeisle-blocks-advanced-columns-overlay\"><\/div><div class=\"innerblocks-wrap\">\n<div id=\"wp-block-themeisle-blocks-advanced-column-34178fa7\" class=\"wp-block-themeisle-blocks-advanced-column\">\n<div id=\"wp-block-themeisle-blocks-font-awesome-icons-b2e502b6\" class=\"wp-block-themeisle-blocks-font-awesome-icons\"><span class=\"wp-block-themeisle-blocks-font-awesome-icons-container\"><i class=\"far fa-map\"><\/i><\/span><\/div>\n\n\n\n<p class=\"has-text-align-center has-text-color\" style=\"color:#939393;font-size:14px\">Encontranos en Buenos Aires Argentina.<\/p>\n<\/div>\n\n\n\n<div id=\"wp-block-themeisle-blocks-advanced-column-f47e1f6c\" class=\"wp-block-themeisle-blocks-advanced-column\">\n<div id=\"wp-block-themeisle-blocks-font-awesome-icons-135a5b66\" class=\"wp-block-themeisle-blocks-font-awesome-icons\"><span class=\"wp-block-themeisle-blocks-font-awesome-icons-container\"><i class=\"fas fa-envelope\"><\/i><\/span><\/div>\n\n\n\n<p class=\"has-text-align-center has-text-color\" style=\"color:#939393;font-size:14px\">info@com-proff.com<\/p>\n<\/div>\n\n\n\n<div id=\"wp-block-themeisle-blocks-advanced-column-ff2e198d\" class=\"wp-block-themeisle-blocks-advanced-column\">\n<div id=\"wp-block-themeisle-blocks-font-awesome-icons-5d962d6e\" class=\"wp-block-themeisle-blocks-font-awesome-icons\"><span class=\"wp-block-themeisle-blocks-font-awesome-icons-container\"><i class=\"fas fa-phone-square\"><\/i><\/span><\/div>\n\n\n\n<p class=\"has-text-align-center has-text-color\" style=\"color:#939393;font-size:14px\">Contacto 24\/7<\/p>\n<\/div>\n\n\n\n<div id=\"wp-block-themeisle-blocks-advanced-column-c483a70c\" class=\"wp-block-themeisle-blocks-advanced-column has-dark-bg\">\n<div id=\"wp-block-themeisle-blocks-button-group-80ddb8f3\" class=\"wp-block-themeisle-blocks-button-group wp-block-buttons align-center\">\n<div id=\"wp-block-themeisle-blocks-button-fdd96c26\" class=\"wp-block-themeisle-blocks-button wp-block-button\"><a href=\"\" target=\"_self\" rel=\"noopener noreferrer\" class=\"wp-block-button__link\"><i class=\"fab fa-fw fa-facebook-f\"><\/i><\/a><\/div>\n\n\n\n<div id=\"wp-block-themeisle-blocks-button-ebdcdc08\" class=\"wp-block-themeisle-blocks-button wp-block-button\"><a href=\"\" target=\"_self\" rel=\"noopener noreferrer\" class=\"wp-block-button__link\"><i class=\"fab fa-fw fa-twitter\"><\/i><\/a><\/div>\n\n\n\n<div id=\"wp-block-themeisle-blocks-button-f58142b5\" class=\"wp-block-themeisle-blocks-button wp-block-button\"><a href=\"\" target=\"_self\" rel=\"noopener noreferrer\" class=\"wp-block-button__link\"><i class=\"fab fa-fw fa-linkedin-in\"><\/i><\/a><\/div>\n\n\n\n<div id=\"wp-block-themeisle-blocks-button-fb88105d\" class=\"wp-block-themeisle-blocks-button wp-block-button\"><a href=\"\" target=\"_self\" rel=\"noopener noreferrer\" class=\"wp-block-button__link\"><i class=\"fab fa-fw fa-behance\"><\/i><\/a><\/div>\n\n\n\n<div id=\"wp-block-themeisle-blocks-button-10eca286\" class=\"wp-block-themeisle-blocks-button wp-block-button\"><a href=\"\" target=\"_self\" rel=\"noopener noreferrer\" class=\"wp-block-button__link\"><i class=\"fab fa-fw fa-dribbble\"><\/i><\/a><\/div>\n<\/div>\n\n\n\n<p class=\"has-text-align-center\"> \u00a9 2023\u00a0Com-proff.com<\/p>\n<\/div>\n<\/div><\/div>","protected":false},"excerpt":{"rendered":"","protected":false},"author":1,"featured_media":0,"parent":0,"menu_order":0,"comment_status":"closed","ping_status":"closed","template":"page-templates\/template-pagebuilder-full-width.php","meta":{"footnotes":""},"class_list":["post-143","page","type-page","status-publish","hentry"],"_links":{"self":[{"href":"https:\/\/com-proff.com\/en\/wp-json\/wp\/v2\/pages\/143","targetHints":{"allow":["GET"]}}],"collection":[{"href":"https:\/\/com-proff.com\/en\/wp-json\/wp\/v2\/pages"}],"about":[{"href":"https:\/\/com-proff.com\/en\/wp-json\/wp\/v2\/types\/page"}],"author":[{"embeddable":true,"href":"https:\/\/com-proff.com\/en\/wp-json\/wp\/v2\/users\/1"}],"replies":[{"embeddable":true,"href":"https:\/\/com-proff.com\/en\/wp-json\/wp\/v2\/comments?post=143"}],"version-history":[{"count":3,"href":"https:\/\/com-proff.com\/en\/wp-json\/wp\/v2\/pages\/143\/revisions"}],"predecessor-version":[{"id":186,"href":"https:\/\/com-proff.com\/en\/wp-json\/wp\/v2\/pages\/143\/revisions\/186"}],"wp:attachment":[{"href":"https:\/\/com-proff.com\/en\/wp-json\/wp\/v2\/media?parent=143"}],"curies":[{"name":"wp","href":"https:\/\/api.w.org\/{rel}","templated":true}]}}